{"id":1417,"date":"2025-02-09T17:16:10","date_gmt":"2025-02-09T16:16:10","guid":{"rendered":"https:\/\/mademoisellelicorne.fr\/?page_id=1417"},"modified":"2025-02-09T17:16:10","modified_gmt":"2025-02-09T16:16:10","slug":"lunivers-broderie","status":"publish","type":"page","link":"https:\/\/mademoisellelicorne.fr\/index.php\/lunivers-broderie\/","title":{"rendered":"L&rsquo;univers Broderie"},"content":{"rendered":"<p>[et_pb_section fb_built=\u00a0\u00bb1&Prime; fullwidth=\u00a0\u00bbon\u00a0\u00bb admin_label=\u00a0\u00bbHeader Section\u00a0\u00bb _builder_version=\u00a0\u00bb4.7.4&Prime; background_image=\u00a0\u00bbhttps:\/\/mademoisellelicorne.fr\/wp-content\/uploads\/2021\/08\/Sans-titre-3.png\u00a0\u00bb width=\u00a0\u00bb100%\u00a0\u00bb min_height=\u00a0\u00bb50vh\u00a0\u00bb height=\u00a0\u00bb77vh\u00a0\u00bb][\/et_pb_section][et_pb_section fb_built=\u00a0\u00bb1&Prime; _builder_version=\u00a0\u00bb4.7.4&Prime; _module_preset=\u00a0\u00bbdefault\u00a0\u00bb][et_pb_row _builder_version=\u00a0\u00bb4.7.4&Prime; _module_preset=\u00a0\u00bbdefault\u00a0\u00bb][et_pb_column type=\u00a0\u00bb4_4&Prime; _builder_version=\u00a0\u00bb4.7.4&Prime; _module_preset=\u00a0\u00bbdefault\u00a0\u00bb][et_pb_text _builder_version=\u00a0\u00bb4.7.4&Prime; _module_preset=\u00a0\u00bbdefault\u00a0\u00bb header_font=\u00a0\u00bbClicker Script||||||||\u00a0\u00bb header_font_size=\u00a0\u00bb53px\u00a0\u00bb]<\/p>\n<h1>Les Broderies<\/h1>\n<p>[\/et_pb_text][et_pb_text _builder_version=\u00a0\u00bb4.7.4&Prime; _module_preset=\u00a0\u00bbdefault\u00a0\u00bb header_font=\u00a0\u00bbClicker Script||||||||\u00a0\u00bb header_font_size=\u00a0\u00bb53px\u00a0\u00bb hover_enabled=\u00a0\u00bb0&Prime; sticky_enabled=\u00a0\u00bb0&Prime;]<\/p>\n<h3><em><strong><span style=\"text-decoration: underline;\">Tarifs<\/span><\/strong><\/em><\/h3>\n<p>Le tarif des broderies se calcules en fonction du motif<\/p>\n<p>Il \u00e9volues en fonction du nombre de points de broderie qui va composer l\u2019image. Cela va varier en fonction de la taille et de la complexit\u00e9 de l&rsquo;image ou du texte.<\/p>\n<p>[\/et_pb_text][et_pb_text _builder_version=\u00a0\u00bb4.7.4&Prime; _module_preset=\u00a0\u00bbdefault\u00a0\u00bb hover_enabled=\u00a0\u00bb0&Prime; sticky_enabled=\u00a0\u00bb0&Prime;]<\/p>\n<p>&nbsp;<\/p>\n<h2><strong>Le bar\u00e8me:<\/strong><\/h2>\n<ul>\n<li>De 0 \u00e0 5 000 points : 2 \u20ac\u00a0les 1 000 points<\/li>\n<li>De 5 000 \u00e0 10 000 points : 1,75 \u20ac\u00a0les 1 000 points<\/li>\n<li>De 10 000 \u00e0 15 000 points : 1,50 \u20ac\u00a0les 1 000 points<\/li>\n<li>De 15 000 \u00e0 20 000 points : 1,35 \u20ac\u00a0les 1 000 points<\/li>\n<li>De 20 000 \u00e0 30 000 points : 1,15 \u20ac\u00a0les 1 000 points<\/li>\n<li>De 30 000 et + : 1 \u20ac\u00a0les 1 000 points<\/li>\n<\/ul>\n<p>Exemple avec un dessin de 17500 points = 23,6 \u20ac<\/p>\n<p>D\u00e9tails: (17500 x 1,35 \u20ac \/ 1 000) = 23,625 -&gt; Arrondi au centime inf\u00e9rieur<\/p>\n<p>&nbsp;<\/p>\n<h3><strong>Proc\u00e9dure de cr\u00e9ation:<\/strong><\/h3>\n<p>Lorsque vous choisissez une broderie dans la galerie, le tarif est fixe et indiqu\u00e9 sous le dessin.<br \/>Si vous souhaitez en fonction du produit, ajouter un texte ou un pr\u00e9nom, je vous pouvez directement me contacter avec la broderier et la police d&rsquo;\u00e9criture afin que je vous \u00e9tablisse une proposition du lettrage et un devis.<\/p>\n<p>Je me reserve le droit de refuser un projet en fonction de sa complexit\u00e9 ou s&rsquo;il enfreint la loi ( vous ne trouverez pas de motif ou police sous licence Disney, Marvel &#8230;)<\/p>\n<p>[\/et_pb_text][\/et_pb_column][\/et_pb_row][\/et_pb_section]<\/p>\n","protected":false},"excerpt":{"rendered":"<p>[et_pb_section fb_built=\u00a0\u00bb1&Prime; fullwidth=\u00a0\u00bbon\u00a0\u00bb admin_label=\u00a0\u00bbHeader Section\u00a0\u00bb _builder_version=\u00a0\u00bb4.7.4&Prime; background_image=\u00a0\u00bbhttps:\/\/mademoisellelicorne.fr\/wp-content\/uploads\/2021\/08\/Sans-titre-3.png\u00a0\u00bb width=\u00a0\u00bb100%\u00a0\u00bb min_height=\u00a0\u00bb50vh\u00a0\u00bb height=\u00a0\u00bb77vh\u00a0\u00bb][\/et_pb_section][et_pb_section fb_built=\u00a0\u00bb1&Prime; _builder_version=\u00a0\u00bb4.7.4&Prime; _module_preset=\u00a0\u00bbdefault\u00a0\u00bb][et_pb_row _builder_version=\u00a0\u00bb4.7.4&Prime; _module_preset=\u00a0\u00bbdefault\u00a0\u00bb][et_pb_column type=\u00a0\u00bb4_4&Prime; _builder_version=\u00a0\u00bb4.7.4&Prime; _module_preset=\u00a0\u00bbdefault\u00a0\u00bb][et_pb_text _builder_version=\u00a0\u00bb4.7.4&Prime; _module_preset=\u00a0\u00bbdefault\u00a0\u00bb header_font=\u00a0\u00bbClicker Script||||||||\u00a0\u00bb header_font_size=\u00a0\u00bb53px\u00a0\u00bb] Les Broderies [\/et_pb_text][et_pb_text _builder_version=\u00a0\u00bb4.7.4&Prime; _module_preset=\u00a0\u00bbdefault\u00a0\u00bb header_font=\u00a0\u00bbClicker Script||||||||\u00a0\u00bb header_font_size=\u00a0\u00bb53px\u00a0\u00bb hover_enabled=\u00a0\u00bb0&Prime; sticky_enabled=\u00a0\u00bb0&Prime;] Tarifs Le tarif des broderies se calcules en fonction du motif Il \u00e9volues en fonction du nombre de points de broderie qui [&hellip;]<\/p>\n","protected":false},"author":1,"featured_media":0,"parent":0,"menu_order":0,"comment_status":"closed","ping_status":"closed","template":"","meta":{"_et_pb_use_builder":"on","_et_pb_old_content":"","_et_gb_content_width":"","footnotes":""},"class_list":["post-1417","page","type-page","status-publish","hentry"],"jetpack_sharing_enabled":true,"_links":{"self":[{"href":"https:\/\/mademoisellelicorne.fr\/index.php\/wp-json\/wp\/v2\/pages\/1417","targetHints":{"allow":["GET"]}}],"collection":[{"href":"https:\/\/mademoisellelicorne.fr\/index.php\/wp-json\/wp\/v2\/pages"}],"about":[{"href":"https:\/\/mademoisellelicorne.fr\/index.php\/wp-json\/wp\/v2\/types\/page"}],"author":[{"embeddable":true,"href":"https:\/\/mademoisellelicorne.fr\/index.php\/wp-json\/wp\/v2\/users\/1"}],"replies":[{"embeddable":true,"href":"https:\/\/mademoisellelicorne.fr\/index.php\/wp-json\/wp\/v2\/comments?post=1417"}],"version-history":[{"count":2,"href":"https:\/\/mademoisellelicorne.fr\/index.php\/wp-json\/wp\/v2\/pages\/1417\/revisions"}],"predecessor-version":[{"id":1420,"href":"https:\/\/mademoisellelicorne.fr\/index.php\/wp-json\/wp\/v2\/pages\/1417\/revisions\/1420"}],"wp:attachment":[{"href":"https:\/\/mademoisellelicorne.fr\/index.php\/wp-json\/wp\/v2\/media?parent=1417"}],"curies":[{"name":"wp","href":"https:\/\/api.w.org\/{rel}","templated":true}]}}