{"id":1427,"date":"2025-02-12T09:51:53","date_gmt":"2025-02-12T08:51:53","guid":{"rendered":"https:\/\/mademoisellelicorne.fr\/?page_id=1427"},"modified":"2025-02-12T09:51:53","modified_gmt":"2025-02-12T08:51:53","slug":"les-fils","status":"publish","type":"page","link":"https:\/\/mademoisellelicorne.fr\/index.php\/les-fils\/","title":{"rendered":"Les fils"},"content":{"rendered":"<p>[et_pb_section fb_built=\u00a0\u00bb1&Prime; fullwidth=\u00a0\u00bbon\u00a0\u00bb admin_label=\u00a0\u00bbHeader Section\u00a0\u00bb _builder_version=\u00a0\u00bb4.7.4&Prime; background_image=\u00a0\u00bbhttps:\/\/mademoisellelicorne.fr\/wp-content\/uploads\/2021\/08\/Sans-titre-3.png\u00a0\u00bb width=\u00a0\u00bb100%\u00a0\u00bb min_height=\u00a0\u00bb50vh\u00a0\u00bb height=\u00a0\u00bb77vh\u00a0\u00bb][\/et_pb_section][et_pb_section fb_built=\u00a0\u00bb1&Prime; _builder_version=\u00a0\u00bb4.7.4&Prime; _module_preset=\u00a0\u00bbdefault\u00a0\u00bb][et_pb_row _builder_version=\u00a0\u00bb4.7.4&Prime; _module_preset=\u00a0\u00bbdefault\u00a0\u00bb][et_pb_column type=\u00a0\u00bb4_4&Prime; _builder_version=\u00a0\u00bb4.7.4&Prime; _module_preset=\u00a0\u00bbdefault\u00a0\u00bb][et_pb_text _builder_version=\u00a0\u00bb4.7.4&Prime; _module_preset=\u00a0\u00bbdefault\u00a0\u00bb header_font=\u00a0\u00bbClicker Script||||||||\u00a0\u00bb header_font_size=\u00a0\u00bb53px\u00a0\u00bb]<\/p>\n<h1>Les Couleurs des Fils<\/h1>\n<p>[\/et_pb_text][et_pb_text _builder_version=\u00a0\u00bb4.7.4&Prime; _module_preset=\u00a0\u00bbdefault\u00a0\u00bb header_font=\u00a0\u00bbClicker Script||||||||\u00a0\u00bb header_font_size=\u00a0\u00bb53px\u00a0\u00bb hover_enabled=\u00a0\u00bb0&Prime; sticky_enabled=\u00a0\u00bb0&Prime;]<\/p>\n<h3><\/h3>\n<p><span style=\"text-decoration: underline;\"><\/span>Attention, les couleurs des broderies peuvent varier en fonction de la couleur du support choisit. Le rendu des couleurs sur une photo peut \u00e9galement \u00eatre l\u00e9g\u00e8rement diff\u00e9rentes en r\u00e9alit\u00e9. Un test peut etre fait sur demande.<\/p>\n<p>[\/et_pb_text][et_pb_text _builder_version=\u00a0\u00bb4.7.4&Prime; _module_preset=\u00a0\u00bbdefault\u00a0\u00bb hover_enabled=\u00a0\u00bb0&Prime; sticky_enabled=\u00a0\u00bb0&Prime;]<\/p>\n<p><img loading=\"lazy\" decoding=\"async\" src=\"https:\/\/mademoisellelicorne.fr\/wp-content\/uploads\/2025\/02\/IMG_2926-225x300.jpeg\" width=\"225\" height=\"300\" alt=\"\" class=\"wp-image-1423 alignnone size-medium\" \/>\u00a0 \u00a0 \u00a0<img loading=\"lazy\" decoding=\"async\" src=\"https:\/\/mademoisellelicorne.fr\/wp-content\/uploads\/2025\/02\/IMG_2930-225x300.jpeg\" width=\"225\" height=\"300\" alt=\"\" class=\"wp-image-1430 alignnone size-medium\" \/><\/p>\n<table width=\"311\" height=\"296\">\n<tbody>\n<tr>\n<td style=\"width: 24.6875px;\">001 Blanc<\/td>\n<td style=\"width: 24.6875px;\">079 Saumon<\/td>\n<td style=\"width: 24.6875px;\">209 Tangerine<\/td>\n<td style=\"width: 24.6875px;\">399\u00a0Gris vif<\/td>\n<td style=\"width: 24.6875px;\">517\u00a0Olive fonc\u00e9\u00a0<\/td>\n<td style=\"width: 24.6875px;\">707\u00a0Gris sombre<\/td>\n<td style=\"width: 24.6875px;\">900 Noir<\/td>\n<\/tr>\n<tr>\n<td style=\"width: 24.6875px;\">005 Argent<\/td>\n<td style=\"width: 24.6875px;\">085 Rose<\/td>\n<td style=\"width: 24.6875px;\">214 Or Fonc\u00e9<\/td>\n<td style=\"width: 24.6875px;\">405 Bleu<\/td>\n<td style=\"width: 24.6875px;\">519\u00a0Vert olive\u00a0<\/td>\n<td style=\"width: 24.6875px;\">800 Rouge<\/td>\n<td style=\"width: 24.6875px;\">901 Chair<\/td>\n<\/tr>\n<tr>\n<td style=\"width: 24.6875px;\">007 Bleu de Prusse<\/td>\n<td style=\"width: 24.6875px;\">086\u00a0Rose fonc\u00e9<\/td>\n<td style=\"width: 24.6875px;\">307 Drap<\/td>\n<td style=\"width: 24.6875px;\">406 Outremer<\/td>\n<td style=\"width: 24.6875px;\">534\u00a0Vert sarcelle<\/td>\n<td style=\"width: 24.6875px;\">804 Lavande<\/td>\n<td style=\"width: 24.6875px;\">902 Ivoire<\/td>\n<\/tr>\n<tr>\n<td style=\"width: 24.6875px;\">010 Marron Cr\u00e8me<\/td>\n<td style=\"width: 24.6875px;\">107 Fuchsia Fonc\u00e9<\/td>\n<td style=\"width: 24.6875px;\">323 Brun Clair<\/td>\n<td style=\"width: 24.6875px;\">415\u00a0Bleu paon<\/td>\n<td style=\"width: 24.6875px;\">542\u00a0Vert p\u00e2le<\/td>\n<td style=\"width: 24.6875px;\">807 Carmin<\/td>\n<td style=\"width: 24.6875px;\">6010 Jaune Fluo<\/td>\n<\/tr>\n<tr>\n<td style=\"width: 24.6875px;\">017 Bleu clair<\/td>\n<td style=\"width: 24.6875px;\">124 Rose Chair<\/td>\n<td style=\"width: 24.6875px;\">328\u00a0Cuivre<\/td>\n<td style=\"width: 24.6875px;\">420\u00a0Bleu \u00e9lectrique<\/td>\n<td style=\"width: 24.6875px;\">607\u00a0Violet glycine<\/td>\n<td style=\"width: 24.6875px;\">808 Vert Fonc\u00e9<\/td>\n<td style=\"width: 24.6875px;\">5940 Jaune vert fluo<\/td>\n<\/tr>\n<tr>\n<td style=\"width: 24.6875px;\">019 Bleu ciel<\/td>\n<td style=\"width: 24.6875px;\">126 Citrouille<\/td>\n<td style=\"width: 24.6875px;\">330\u00a0Brun rouss\u00e2tre<\/td>\n<td style=\"width: 24.6875px;\">502 Vert Menthe<\/td>\n<td style=\"width: 24.6875px;\">612 Lilas<\/td>\n<td style=\"width: 24.6875px;\">810 Lilas Clair<\/td>\n<td style=\"width: 24.6875px;\">9973 Violet nuanc\u00e9<\/td>\n<\/tr>\n<tr>\n<td style=\"width: 24.6875px;\">027 Vert Frais<\/td>\n<td style=\"width: 24.6875px;\">202 Jaune Citron<\/td>\n<td style=\"width: 24.6875px;\">333\u00a0Rouge ambre<\/td>\n<td style=\"width: 24.6875px;\">507\u00a0Vert \u00e9meraude<\/td>\n<td style=\"width: 24.6875px;\">613 Violet<\/td>\n<td style=\"width: 24.6875px;\">812 Jaune Cr\u00e8me<\/td>\n<td style=\"width: 24.6875px;\">9605 Bleu Nuanc\u00e9<\/td>\n<\/tr>\n<tr>\n<td style=\"width: 24.6875px;\">030 Vermillon<\/td>\n<td style=\"width: 24.6875px;\">205 Jaune<\/td>\n<td style=\"width: 24.6875px;\">337\u00a0Brun rouge\u00e2tre<\/td>\n<td style=\"width: 24.6875px;\">509\u00a0Vert feuille<\/td>\n<td style=\"width: 24.6875px;\">614 Pourpre<\/td>\n<td style=\"width: 24.6875px;\">817 Gris<\/td>\n<td style=\"width: 24.6875px;\"><\/td>\n<\/tr>\n<tr>\n<td style=\"width: 24.6875px;\">058 Brun Sombre<\/td>\n<td style=\"width: 24.6875px;\">206 Or Bl\u00e9<\/td>\n<td style=\"width: 24.6875px;\">339\u00a0Brun argile<\/td>\n<td style=\"width: 24.6875px;\">513\u00a0Vert tilleul<\/td>\n<td style=\"width: 24.6875px;\">620 Magenta<\/td>\n<td style=\"width: 24.6875px;\">843 Beige<\/td>\n<td style=\"width: 24.6875px;\"><\/td>\n<\/tr>\n<tr>\n<td style=\"width: 24.6875px;\">070\u00a0Bleu centaur\u00e9e<\/td>\n<td style=\"width: 24.6875px;\">208 Orange<\/td>\n<td style=\"width: 24.6875px;\">348 Kaki<\/td>\n<td style=\"width: 24.6875px;\">515\u00a0Vert mousse<\/td>\n<td style=\"width: 24.6875px;\">704 Etain<\/td>\n<td style=\"width: 24.6875px;\">869\u00a0Pourpre royal<\/td>\n<td style=\"width: 24.6875px;\"><\/td>\n<\/tr>\n<\/tbody>\n<\/table>\n<p>&nbsp;<\/p>\n<p>[\/et_pb_text][et_pb_text _builder_version=\u00a0\u00bb4.7.4&Prime; _module_preset=\u00a0\u00bbdefault\u00a0\u00bb][\/et_pb_text][\/et_pb_column][\/et_pb_row][\/et_pb_section]<\/p>\n","protected":false},"excerpt":{"rendered":"<p>[et_pb_section fb_built=\u00a0\u00bb1&Prime; fullwidth=\u00a0\u00bbon\u00a0\u00bb admin_label=\u00a0\u00bbHeader Section\u00a0\u00bb _builder_version=\u00a0\u00bb4.7.4&Prime; background_image=\u00a0\u00bbhttps:\/\/mademoisellelicorne.fr\/wp-content\/uploads\/2021\/08\/Sans-titre-3.png\u00a0\u00bb width=\u00a0\u00bb100%\u00a0\u00bb min_height=\u00a0\u00bb50vh\u00a0\u00bb height=\u00a0\u00bb77vh\u00a0\u00bb][\/et_pb_section][et_pb_section fb_built=\u00a0\u00bb1&Prime; _builder_version=\u00a0\u00bb4.7.4&Prime; _module_preset=\u00a0\u00bbdefault\u00a0\u00bb][et_pb_row _builder_version=\u00a0\u00bb4.7.4&Prime; _module_preset=\u00a0\u00bbdefault\u00a0\u00bb][et_pb_column type=\u00a0\u00bb4_4&Prime; _builder_version=\u00a0\u00bb4.7.4&Prime; _module_preset=\u00a0\u00bbdefault\u00a0\u00bb][et_pb_text _builder_version=\u00a0\u00bb4.7.4&Prime; _module_preset=\u00a0\u00bbdefault\u00a0\u00bb header_font=\u00a0\u00bbClicker Script||||||||\u00a0\u00bb header_font_size=\u00a0\u00bb53px\u00a0\u00bb] Les Couleurs des Fils [\/et_pb_text][et_pb_text _builder_version=\u00a0\u00bb4.7.4&Prime; _module_preset=\u00a0\u00bbdefault\u00a0\u00bb header_font=\u00a0\u00bbClicker Script||||||||\u00a0\u00bb header_font_size=\u00a0\u00bb53px\u00a0\u00bb hover_enabled=\u00a0\u00bb0&Prime; sticky_enabled=\u00a0\u00bb0&Prime;] Attention, les couleurs des broderies peuvent varier en fonction de la couleur du support choisit. Le rendu des couleurs sur [&hellip;]<\/p>\n","protected":false},"author":1,"featured_media":0,"parent":0,"menu_order":0,"comment_status":"closed","ping_status":"closed","template":"","meta":{"_et_pb_use_builder":"on","_et_pb_old_content":"","_et_gb_content_width":"","footnotes":""},"class_list":["post-1427","page","type-page","status-publish","hentry"],"jetpack_sharing_enabled":true,"_links":{"self":[{"href":"https:\/\/mademoisellelicorne.fr\/index.php\/wp-json\/wp\/v2\/pages\/1427","targetHints":{"allow":["GET"]}}],"collection":[{"href":"https:\/\/mademoisellelicorne.fr\/index.php\/wp-json\/wp\/v2\/pages"}],"about":[{"href":"https:\/\/mademoisellelicorne.fr\/index.php\/wp-json\/wp\/v2\/types\/page"}],"author":[{"embeddable":true,"href":"https:\/\/mademoisellelicorne.fr\/index.php\/wp-json\/wp\/v2\/users\/1"}],"replies":[{"embeddable":true,"href":"https:\/\/mademoisellelicorne.fr\/index.php\/wp-json\/wp\/v2\/comments?post=1427"}],"version-history":[{"count":1,"href":"https:\/\/mademoisellelicorne.fr\/index.php\/wp-json\/wp\/v2\/pages\/1427\/revisions"}],"predecessor-version":[{"id":1431,"href":"https:\/\/mademoisellelicorne.fr\/index.php\/wp-json\/wp\/v2\/pages\/1427\/revisions\/1431"}],"wp:attachment":[{"href":"https:\/\/mademoisellelicorne.fr\/index.php\/wp-json\/wp\/v2\/media?parent=1427"}],"curies":[{"name":"wp","href":"https:\/\/api.w.org\/{rel}","templated":true}]}}