{"id":387,"date":"2021-08-18T18:07:19","date_gmt":"2021-08-18T16:07:19","guid":{"rendered":"http:\/\/mademoisellelicorne.fr\/?page_id=387"},"modified":"2023-01-13T14:47:23","modified_gmt":"2023-01-13T13:47:23","slug":"conditions-generales-de-vente","status":"publish","type":"page","link":"https:\/\/mademoisellelicorne.fr\/index.php\/conditions-generales-de-vente\/","title":{"rendered":"Conditions G\u00e9n\u00e9rales de Vente"},"content":{"rendered":"\n<p>Emilie Bouquet EI &#8211; Mademoiselle Licorne<\/p>\n\n\n\n<p>Si\u00e8ge social : 24 rue Nungesser 59790 RONCHIN<\/p>\n\n\n\n<p>Adresse \u00e9lectronique :&nbsp;contact@mademoisellelicorne.fr<\/p>\n\n\n\n<p>Emilie Bouquet EI &#8211; Mademoiselle Licorne est inscrite \u00e0 la chambre de M\u00e9tiers et de l\u2019Artisanat des Hauts de France depuis le 01\/09\/2018<\/p>\n\n\n\n<p>Num\u00e9ro de Siret : 843480351<\/p>\n\n\n\n<p><strong><u>Pr\u00e9ambule<\/u><\/strong><strong>&nbsp;: Acceptation des pr\u00e9sentes Conditions G\u00e9n\u00e9rales de Vente<\/strong><\/p>\n\n\n\n<p>Toute commande pass\u00e9e aupr\u00e8s de \u00ab Emilie Bouquet EI &#8211; Mademoiselle Licorne\u00bb implique tacitement l\u2019acceptation compl\u00e8te et sans r\u00e9serve des conditions g\u00e9n\u00e9rales de ventes ci-apr\u00e8s.<\/p>\n\n\n\n<p>De ce fait, toute commande d\u2019un produit figurant dans la boutique en ligne du site www.mademoisellelicorne.fr&nbsp;suppose la consultation et l\u2019acceptation pr\u00e9alable des pr\u00e9sentes conditions g\u00e9n\u00e9rales de ventes. Le clic de validation de la commande implique une pleine acceptation des pr\u00e9sentes conditions g\u00e9n\u00e9rales de vente. Ce clic a valeur de signature num\u00e9rique.<\/p>\n\n\n\n<p>Les Conditions G\u00e9n\u00e9rales de Vente s\u2019appliquent pendant toute la dur\u00e9e de mise en ligne des produits propos\u00e9s par la boutique MADEMOISELLE LICORNE sur le site&nbsp;www.mademoisellelicorne.fr. Elles peuvent \u00eatre modifi\u00e9es \u00e0 tout moment. Les Conditions G\u00e9n\u00e9rales de Vente opposables au Client sont celles en vigueur au moment de sa commande sur le site Internet Mademoiselle Licorne&nbsp;<\/p>\n\n\n\n<p><strong>1)<\/strong><strong>&nbsp;&nbsp;&nbsp;<\/strong><strong><u>Objet du contrat<\/u><\/strong><\/p>\n\n\n\n<p>Les pr\u00e9sentes conditions g\u00e9n\u00e9rales ont pour objet de d\u00e9finir les droits et obligations des parties dans le cadre de la vente en ligne d\u2019articles propos\u00e9s par la boutique MADEMOISELLE LICORNE au consommateur (le Client).&nbsp;<\/p>\n\n\n\n<p><strong>2)<\/strong><strong>&nbsp;&nbsp;&nbsp;<\/strong><strong><u>Propri\u00e9t\u00e9 intellectuelle<\/u><\/strong><\/p>\n\n\n\n<p>Emilie Bouquet EI &#8211; Mademoiselle Licorne propose des cr\u00e9ations textiles pour toute la famille. Toutes les cr\u00e9ations qui y sont pr\u00e9sentes sont la propri\u00e9t\u00e9 de Emilie Bouquet EI -MADEMOISELLE LICORNE et de sa cr\u00e9atrice. Celles-ci sont prot\u00e9g\u00e9es au titre des droits d\u2019auteur et de la propri\u00e9t\u00e9 intellectuelle.&nbsp;<\/p>\n\n\n\n<p>Toute contrefa\u00e7on ou reproduction m\u00eame partielle est passible de poursuites judiciaires. Toute utilisation ou reproduction sans autorisation des textes, commentaires, photos et articles pr\u00e9sents sur ce site sont strictement interdites (article L. 335-3 et -4 du code de la propri\u00e9t\u00e9 intellectuelle).&nbsp;<\/p>\n\n\n\n<p><strong>3)<\/strong><strong>&nbsp;&nbsp;&nbsp;<\/strong><strong><u>Produits<\/u><\/strong><\/p>\n\n\n\n<p>Le Client peut :<\/p>\n\n\n\n<p>&#8211; acheter les articles propos\u00e9s au catalogue de la boutique Emilie Bouquet EI -MADEMOISELLE LICORNE sur le site www.mademoisellelicorne.fr<\/p>\n\n\n\n<p>&#8211; commander des produits personnalisables au prix indiqu\u00e9 sur le site. Ces produits sont indisponibles le jour de la commande et seront fabriqu\u00e9s dans un d\u00e9lai de 20 jours ouvr\u00e9s.<\/p>\n\n\n\n<p>&#8211; commander des produits sur-mesure. Ces produits feront l\u2019objet d\u2019un devis.<\/p>\n\n\n\n<p>Les caract\u00e9ristiques essentielles (qualitatives et quantitatives) des produits sont d\u00e9crites sur le site. L\u2019acheteur est tenu de consulter la fiche descriptive de chaque article afin d\u2019en conna\u00eetre les caract\u00e9ristiques, et \u00e9ventuellement les conditions d\u2019utilisation et d\u2019entretien.<\/p>\n\n\n\n<p>Les photos des articles pr\u00e9sent\u00e9s ne sont pas contractuelles. Toutes les cr\u00e9ations propos\u00e9es sont enti\u00e8rement r\u00e9alis\u00e9es \u00e0 la main par la cr\u00e9atrice. De ce fait, elles peuvent pr\u00e9senter des irr\u00e9gularit\u00e9s et des variations en termes de couleurs, forme et placement des motifs&nbsp;: chaque article est unique.<\/p>\n\n\n\n<p><strong>4)<\/strong><strong>&nbsp;&nbsp;&nbsp;<\/strong><strong><u>Prix<\/u><\/strong><\/p>\n\n\n\n<p>Les prix indiqu\u00e9s sont en euros Toutes Taxes Comprises (TVA non applicable). En effet, en tant qu\u2019auto-entrepreneur, Emilie Bouquet EI -Mademoiselle Licorne, conform\u00e9ment \u00e0 l\u2019article 293 B du C.G.I., n\u2019est pas assujetti \u00e0 la TVA. Toutes les autres devises sont accept\u00e9es via Paypal uniquement qui convertira automatiquement au cours du march\u00e9 au moment de la validation de la commande par l&rsquo;acheteur.<\/p>\n\n\n\n<p>Les prix affich\u00e9s sur le site internet www.mademoisellelicorne.fr sont susceptibles d\u2019\u00eatre modifi\u00e9s \u00e0 tout moment. Le prix appliqu\u00e9 au Client est celui affich\u00e9 sur le site au moment o\u00f9 il passe commande, sauf en cas d\u2019erreur manifeste d\u2019affichage du prix du produit sur le site (prix d\u00e9risoire, erron\u00e9) quelle qu\u2019en soit la cause. Le vendeur s\u2019engage alors \u00e0 informer l\u2019acheteur dans les plus brefs d\u00e9lais et \u00e0 annuler la commande.<\/p>\n\n\n\n<p>Les frais d&rsquo;exp\u00e9dition ne sont pas compris dans les prix indiqu\u00e9s. Ces frais sont \u00e0 la charge de l\u2019acheteur. Ils sont calcul\u00e9s en fonction du poids et sont indiqu\u00e9s lors de la validation de la commande.<\/p>\n\n\n\n<p><strong>5)<\/strong><strong>&nbsp;&nbsp;&nbsp;<\/strong><strong><u>Commande et paiement<\/u><\/strong><\/p>\n\n\n\n<p>&#8211;&nbsp;Validation de la commande<\/p>\n\n\n\n<p>Apr\u00e8s avoir valid\u00e9 son panier, le client obtient un r\u00e9capitulatif de commande fait par le vendeur. Cette page r\u00e9capitulative s\u2019affichera automatiquement et reprendra la photo de l\u2019article, ses r\u00e9f\u00e9rences, la quantit\u00e9 choisie, son prix unitaire et le prix total de la commande du Client, ainsi que les frais de livraison.&nbsp;<\/p>\n\n\n\n<p>Le client doit prendre connaissance de celle-ci, v\u00e9rifier l\u2019exactitude de sa s\u00e9lection avant de confirmer sa commande. Il doit \u00e9galement prendre connaissance&nbsp;&nbsp;des conditions g\u00e9n\u00e9rales de vente (ce dont il atteste en cochant la case d\u00e9di\u00e9e) avant de pouvoir valider sa commande et d\u2019acc\u00e9der au r\u00e8glement.<\/p>\n\n\n\n<p>Il est rappel\u00e9 au Client que&nbsp;<strong>tout bon de commande sign\u00e9 du consommateur par \u00ab\u00a0double clic\u00a0\u00bb constitue une acceptation irr\u00e9vocable<\/strong>&nbsp;qui ne peut \u00eatre remise en cause que dans les cas limitativement pr\u00e9vus dans les pr\u00e9sentes conditions g\u00e9n\u00e9rales de vente incluant les conditions tarifaires comme \u00ab\u00a0droit de r\u00e9tractation \u00a0\u00bb et \u00ab\u00a0rupture de stock\u00a0\u00bb. Le \u00ab\u00a0double clic\u00a0\u00bb associ\u00e9 \u00e0 la proc\u00e9dure d&rsquo;authentification et de non r\u00e9pudiation et \u00e0 la protection de l&rsquo;int\u00e9grit\u00e9 des messages constitue une signature \u00e9lectronique.&nbsp;<strong>Cette signature \u00e9lectronique a valeur entre les parties comme une signature manuscrite.<\/strong><\/p>\n\n\n\n<p>&#8211; Paiement<\/p>\n\n\n\n<p>En validant sa commande, l\u2019acheteur valide le montant d\u00fb (produit(s) choisi(s) et frais d&rsquo;exp\u00e9dition) au site&nbsp;www.mademoisellelicorne.fr&nbsp;et s\u2019engage \u00e0 le r\u00e9gler.&nbsp;<\/p>\n\n\n\n<p>Apr\u00e8s la validation de la commande, l\u2019acheteur a la possibilit\u00e9 de r\u00e9gler sa commande par Paypal via son compte Paypal, par compte Apple pay via son compte Apple, par compte Google Pay via son compte Google ou par carte bancaire s&rsquo;il n&rsquo;a pas de compte Paypal. La plate-forme Paypal est enti\u00e8rement s\u00e9curis\u00e9e.<\/p>\n\n\n\n<p>En cas de r\u00e8glement pas virement bancaire, la commande ne sera valid\u00e9e qu\u2019\u00e0 r\u00e9ception du payement.<\/p>\n\n\n\n<p>Il est \u00e9galement possible de r\u00e9gler par ch\u00e8que ou virement bancaire. Dans ce cas, les coordonn\u00e9es postales ou bancaires du vendeur vous seront transmises pour proc\u00e9der au r\u00e8glement. Pour les commandes r\u00e9gl\u00e9es par ch\u00e8que, seuls les ch\u00e8ques \u00e9mis en France sont accept\u00e9s.<\/p>\n\n\n\n<p>L\u2019exp\u00e9dition de la commande au Client n\u2019a lieu qu\u2019apr\u00e8s v\u00e9rification du mode de paiement et validation effective du moyen de paiement (r\u00e9ception et encaissement&nbsp;&nbsp;du ch\u00e8que, virement bancaire effectivement cr\u00e9dit\u00e9). La commande sera alors trait\u00e9e dans les d\u00e9lais mentionn\u00e9s sur le site. Les produits seront r\u00e9serv\u00e9s 8 jours calendaires. Une fois ce d\u00e9lai pass\u00e9, les produits seront remis en vente et la vente sera annul\u00e9e.<\/p>\n\n\n\n<p>&#8211; Confirmation de commande<\/p>\n\n\n\n<p>Les informations contractuelles feront l\u2019objet d\u2019une confirmation par e-mail \u00e0 l\u2019adresse \u00e9lectronique indiqu\u00e9e par le client. Ce document r\u00e9capitulatif de la commande vaut accus\u00e9 de r\u00e9ception de la commande. Il reprend l\u2019ensemble des \u00e9l\u00e9ments constitutifs du contrat convenu entre les parties.<\/p>\n\n\n\n<p>Emilie Bouquet EI -Mademoiselle Licorne se r\u00e9serve la propri\u00e9t\u00e9 des articles jusqu\u2019au r\u00e8glement complet de la commande.<\/p>\n\n\n\n<p>Emilie Bouquet EI -Mademoiselle Licorne&nbsp;se r\u00e9serve le droit de refuser, annuler, sans responsabilit\u00e9 de sa part, toute commande concernant un Client avec lequel existerait un litige.&nbsp;<\/p>\n\n\n\n<p><strong>6)<\/strong><strong>&nbsp;&nbsp;&nbsp;<\/strong><strong><u>Traitement de la commande :<\/u><\/strong><\/p>\n\n\n\n<p>Les produits en stock sont exp\u00e9di\u00e9s par la poste dans les 4 jours ouvr\u00e9s.&nbsp;<\/p>\n\n\n\n<p>Pour un produit personnalis\u00e9, le Client sera tenu inform\u00e9 par message \u00e9lectronique du d\u00e9lai de fabrication et de livraison. Les d\u00e9lais peuvent varier en fonction du produit et en fonction de l\u2019activit\u00e9 de l\u2019atelier (fort afflux de commandes). Les d\u00e9lais sont donn\u00e9s \u00e0 titre indicatif sur les fiches produits.<\/p>\n\n\n\n<p>Pour un produit sur-mesure, les d\u00e9lais sont convenus par avances par message \u00e9lectronique entre le client et le vendeur.<\/p>\n\n\n\n<p>En cas d\u2019indisponibilit\u00e9 d\u2019un produit command\u00e9, le Client en sera inform\u00e9 le plus t\u00f4t possible. Il aura la possibilit\u00e9 d\u2019\u00e9changer le produit soit d\u2019annuler sa commande. Dans ce cas, le remboursement de la somme se fera dans les 30 jours \u00e0 compter de la date de la demande.&nbsp;<\/p>\n\n\n\n<p><strong>7)<\/strong><strong>&nbsp;&nbsp;&nbsp;<\/strong><strong><u>Livraison et d\u00e9lai de livraison :<\/u><\/strong><\/p>\n\n\n\n<p>Les produits sont exp\u00e9di\u00e9s par la Poste. La commande sera livr\u00e9e \u00e0 l\u2019adresse indiqu\u00e9e par le Client sur le bon de commande pour la France m\u00e9tropolitaine, Monaco et l\u2019Andorre. Un envoi dans une autre zone g\u00e9ographique est possible sur demande par mail. Les frais d&rsquo;exp\u00e9dition seront alors calcul\u00e9s et vous seront communiqu\u00e9s.<\/p>\n\n\n\n<p>Pour la livraison, plusieurs choix sont possibles :<\/p>\n\n\n\n<p>&#8211;&nbsp;Lettre suivie&nbsp;pour les lettres de moins de 3kg et de moins de 3 cm d\u2019\u00e9paisseur, vers la France m\u00e9tropolitaine. La livraison se fera sans signature.<\/p>\n\n\n\n<p>&#8211;&nbsp;Colisimo sans signature&nbsp;: colis d\u00e9passant les standards de la lettre suivie. La livraison se fera sans signature.<\/p>\n\n\n\n<p>&#8211;&nbsp;Colisimo avec signature&nbsp;ou courrier recommand\u00e9, vers la France m\u00e9tropolitaine, Monaco et Andorre. La livraison se fera avec signature.<\/p>\n\n\n\n<p>Emilie Bouquet EI -Mademoiselle Licorne d\u00e9cline toute responsabilit\u00e9 quant \u00e0 l\u2019allongement des d\u00e9lais de livraison du fait du transporteur, notamment en cas de perte de produits, d\u2019intemp\u00e9ries ou de gr\u00e8ve. Le d\u00e9lai de livraison n\u2019est donn\u00e9 qu\u2019\u00e0 titre informatif et indicatif. Un retard de livraison ne peut pas donner lieu \u00e0 un refus des marchandises, \u00e0 une indemnit\u00e9, \u00e0 des dommages-int\u00e9r\u00eats, \u00e0 retenue, ni \u00e0 l\u2019annulation ou \u00e0 la r\u00e9solution de la commande.&nbsp;<\/p>\n\n\n\n<p><strong>8)<\/strong><strong>&nbsp;&nbsp;&nbsp;<\/strong><strong><u>R\u00e9serve de propri\u00e9t\u00e9<\/u><\/strong><\/p>\n\n\n\n<p>&nbsp;Les Produits livr\u00e9s demeurent la propri\u00e9t\u00e9 de Emilie Bouquet EI -Mademoiselle Licorne jusqu\u2019au complet paiement du prix par le Client (encaissement effectif du r\u00e8glement par Emilie Bouquet EI -Mademoiselle Licorne). Le transfert des risques sur les produits a lieu \u00e0 la r\u00e9ception des produits par le Client.<\/p>\n\n\n\n<p><strong>9)<\/strong><strong>&nbsp;&nbsp;&nbsp;<\/strong><strong><u>R\u00e9ception des produits<\/u><\/strong><\/p>\n\n\n\n<p>Il appartient au Client d\u2019assurer&nbsp;&nbsp;la r\u00e9ception de la livraison et de v\u00e9rifier, au moment de ladite r\u00e9ception, sans d\u00e9lai, la conformit\u00e9 de l\u2019int\u00e9gralit\u00e9 des produits exp\u00e9di\u00e9s. Ainsi, le Client indiquera, le cas \u00e9ch\u00e9ant, sur le bon de livraison sous forme de r\u00e9serves manuscrites accompagn\u00e9es de sa signature les \u00e9ventuelles anomalies constat\u00e9es (paquet ouvert, produit endommag\u00e9\u2026). Toute r\u00e9clamation, r\u00e9serve ou contestation doit \u00eatre pr\u00e9cise et \u00e9crite.&nbsp;<\/p>\n\n\n\n<p>Les produits b\u00e9n\u00e9ficient de la garantie l\u00e9gale de conformit\u00e9 (article L 217-4 et suivants du Code de la consommation) et de la garantie des vices cach\u00e9s (article 1641 et suivants du Code civil). Toute garantie est exclue en cas de dommages d\u2019origine externe ou cons\u00e9cutifs \u00e0 une mauvaise utilisation, une utilisation non conforme, une n\u00e9gligence ou un d\u00e9faut d&rsquo;entretien de la part du Client, comme en cas d&rsquo;usure normale du produit.<\/p>\n\n\n\n<p>&#8211; Article L217-4 du Code de la Consommation Le vendeur est tenu de livrer un bien conforme au contrat et r\u00e9pond des d\u00e9fauts de conformit\u00e9 existant lors de la d\u00e9livrance (\u2026).<br>&#8211; Article L217-5 du Code de la Consommation&nbsp;<\/p>\n\n\n\n<p><br>Pour \u00eatre conforme au contrat, le bien doit :&nbsp;<\/p>\n\n\n\n<p><br>1\u00ba Etre propre \u00e0 l&rsquo;usage habituellement attendu d&rsquo;un bien semblable et, le cas \u00e9ch\u00e9ant : correspondre \u00e0 la description donn\u00e9e par le vendeur et poss\u00e9der les qualit\u00e9s que celui-ci a pr\u00e9sent\u00e9es \u00e0 l&rsquo;acheteur sous forme d&rsquo;\u00e9chantillon ou de mod\u00e8le; pr\u00e9senter les qualit\u00e9s qu&rsquo;un acheteur peut l\u00e9gitimement attendre eu \u00e9gard aux d\u00e9clarations publiques faites par le vendeur, par le producteur ou par son repr\u00e9sentant, notamment dans la publicit\u00e9 ou l&rsquo;\u00e9tiquetage;&nbsp;<br>2\u00ba Ou pr\u00e9senter les caract\u00e9ristiques d\u00e9finies d&rsquo;un commun accord par les parties ou \u00eatre propre \u00e0 tout usage sp\u00e9cial recherch\u00e9 par l&rsquo;acheteur, port\u00e9 \u00e0 la connaissance du vendeur et que ce dernier a accept\u00e9.<\/p>\n\n\n\n<p>Articles L217-7 \u00e0&nbsp;&nbsp;&#8211; 13 du Code de la consommation.<\/p>\n\n\n\n<p><br>Article 1648 alin\u00e9a 1er du Code Civil: L&rsquo;action r\u00e9sultant des vices r\u00e9dhibitoires doit \u00eatre intent\u00e9e par l&rsquo;acqu\u00e9reur dans un d\u00e9lai de deux ans \u00e0 compter de la d\u00e9couverte du vice.<\/p>\n\n\n\n<p>Le garant des d\u00e9fauts de la chose vendue est Emilie Bouquet EI -Mademoiselle Licorne.<\/p>\n\n\n\n<p><br>Lorsqu\u2019il agit en garantie l\u00e9gale de conformit\u00e9, le client, b\u00e9n\u00e9ficie d\u2019un d\u00e9lai de deux ans \u00e0 compter de la d\u00e9livrance du bien pour agir, peut choisir entre la r\u00e9paration ou le remplacement du bien, sous r\u00e9serve des conditions de co\u00fbt pr\u00e9vues par l\u2019article L. 217-9 du Code de la Consommation, est dispens\u00e9 de rapporter la preuve de l\u2019existence du d\u00e9faut de conformit\u00e9 du bien durant les 24 mois suivant la d\u00e9livrance du bien. La garantie l\u00e9gale de conformit\u00e9 s\u2019applique ind\u00e9pendamment de l\u2019\u00e9ventuelle garantie commerciale qui pourrait \u00eatre consentie.<br>Le client peut d\u00e9cider de mettre en \u0153uvre la garantie contre les d\u00e9fauts cach\u00e9s de la chose vendue au sens de l\u2019article 1641 du Code Civil et peut choisir entre la r\u00e9solution de la vente ou une r\u00e9duction du prix de vente conform\u00e9ment \u00e0 l\u2019article 1644 du Code Civil.<\/p>\n\n\n\n<p><br>Le Client demandant le b\u00e9n\u00e9fice de la garantie l\u00e9gale de conformit\u00e9 ou des vices cach\u00e9s doit alors retourner l\u2019article dans les d\u00e9lais sus-vis\u00e9s \u00e0 l\u2019atelier Emilie Bouquet EI -Mademoiselle Licorne qui constatera la non-conformit\u00e9 ou le vice cach\u00e9.<\/p>\n\n\n\n<p><br>Emilie Bouquet EI -Mademoiselle Licorne adressera au Client une \u00e9tiquette retour qui devra \u00eatre jointe au colis.<br>En cas de retour de produit d\u00e9fectueux ou non conforme, apr\u00e8s constatation, par Emilie Bouquet EI -Mademoiselle Licorne, de la d\u00e9fectuosit\u00e9 ou de la non-conformit\u00e9 du produit, Emilie Bouquet EI -Mademoiselle Licorne remboursera au Client le prix du ou des articles concern\u00e9s, les frais de retour, et, en cas de retour de l&rsquo;int\u00e9gralit\u00e9<\/p>\n\n\n\n<p>de la commande, les frais d&rsquo;envoi.<br>Pour se voir rembourser les frais d&rsquo;envoi en cas de retour de l&rsquo;int\u00e9gralit\u00e9 de la commande, le Client devra prendre contact \u00e0 cet effet par email avec Emilie Bouquet EI -Mademoiselle Licorne.<\/p>\n\n\n\n<p>La responsabilit\u00e9 de la soci\u00e9t\u00e9 Emilie Bouquet EI -MADEMOISELLE LICORNE est limit\u00e9e au remplacement de la marchandise ou du bien reconnu d\u00e9fectueux, \u00e0 l\u2019exclusion de tout d\u00e9dommagement \u00e0 quelque titre que ce soit.&nbsp;&nbsp;<\/p>\n\n\n\n<p><strong>&nbsp;<strong>10)&nbsp;&nbsp;&nbsp;<\/strong><u>Droit de r\u00e9tractation&nbsp;<\/u><\/strong><\/p>\n\n\n\n<p>Le droit de r\u00e9tractation ne s\u2019applique qu\u2019aux personnes physiques. Conform\u00e9ment aux articles L121-21 alin\u00e9a 1 du code de la consommation, l\u2019acheteur dispose d\u2019un d\u00e9lai de quatorze (14) jours calendaires pour retourner, \u00e0 ses frais, les produits ne lui convenant pas. Ce d\u00e9lai court \u00e0 compter du jour de la r\u00e9ception de la commande de l\u2019acheteur.\u00a0<\/p>\n\n\n\n<p>Le droit de r\u00e9traction ne sera possible que sur les produits de la cat\u00e9gorie \u00ab\u00a0pr\u00eat \u00e0 vendre\u00a0\u00bb. Les autres produits \u00e9tant des produits sur mesure, celui ci ne pourra s&rsquo;appliquer.<\/p>\n\n\n\n<p>Toute r\u00e9clamation doit \u00eatre adress\u00e9e par \u00e9crit dans la semaine suivant la date de r\u00e9ception de la marchandise par courrier (cachet de La Poste faisant foi) ou par courrier \u00e9lectronique \u00e0 contact@mademoisellelicorne.fr.<\/p>\n\n\n\n<p>Vous trouverez <a href=\"https:\/\/mademoisellelicorne.fr\/wp-content\/uploads\/2023\/01\/MODELE-DE-FORMULAIRE-DE-RETRACTATION.docx\">ici <\/a>le formulaire de r\u00e9tractation.<\/p>\n\n\n\n<p>&nbsp;Seuls seront repris les produits renvoy\u00e9s dans leur ensemble, dans leur emballage d\u2019origine complet et intact, et en parfait \u00e9tat de revente. Tout produit qui aura \u00e9t\u00e9 ab\u00eem\u00e9, incomplet, endommag\u00e9, salis, modifi\u00e9 par le Client ou dont leur emballage d\u2019origine aura \u00e9t\u00e9 d\u00e9t\u00e9rior\u00e9, ne sera ni rembours\u00e9, ni repris, ni \u00e9chang\u00e9.&nbsp;<\/p>\n\n\n\n<p>Ce droit de r\u00e9tractation s\u2019exerce sans p\u00e9nalit\u00e9, \u00e0 l\u2019exception des frais d\u2019envoi et de retour. Ces frais sont \u00e0 la charge de l\u2019acheteur. En cas de retour, l\u2019acheteur devra conserver la preuve du d\u00e9p\u00f4t du colis du retour aupr\u00e8s du prestataire charg\u00e9 du retour. En l\u2019absence de cette preuve, aucun \u00e9change ou remboursement ne pourra \u00eatre effectu\u00e9 en cas de perte du colis.&nbsp;<\/p>\n\n\n\n<p>Dans l\u2019hypoth\u00e8se de l\u2019exercice du droit de r\u00e9tractation, l\u2019acheteur a le choix de demander soit le remboursement des sommes vers\u00e9es, soit l\u2019\u00e9change du produit. Dans le cas d\u2019un \u00e9change, la r\u00e9exp\u00e9dition se fera aux frais de l\u2019acheteur. En cas d\u2019exercice du droit de r\u00e9tractation, Emilie Bouquet EI &#8211; Mademoiselle Licorne fera tous les efforts pour rembourser l\u2019acheteur dans un d\u00e9lai de trente jours.\u00a0<\/p>\n\n\n\n<p>Toutefois, conform\u00e9ment \u00e0 l&rsquo;article L121-21-8 alin\u00e9a 3 du Code de la consommation ce d\u00e9lai de r\u00e9tractation ne pourra pas \u00eatre exerc\u00e9 pour les fournitures de biens confectionn\u00e9s \u00e0 la demande de l\u2019Acheteur ou nettement personnalis\u00e9s.&nbsp;<\/p>\n\n\n\n<p><strong>11)&nbsp;&nbsp;&nbsp;<u>Force majeure<\/u><\/strong><\/p>\n\n\n\n<p>Aucune des parties n\u2019aura failli \u00e0 ses obligations contractuelles, dans la mesure o\u00f9 leur ex\u00e9cution sera retard\u00e9e, entrav\u00e9e ou emp\u00each\u00e9e par un cas fortuit de force majeure. Sera consid\u00e9r\u00e9 comme un cas de force majeure tout fait ou circonstance irr\u00e9sistible, ext\u00e9rieur aux parties, impr\u00e9visible, in\u00e9vitable, ind\u00e9pendant de la volont\u00e9 des parties et qui ne pourra \u00eatre emp\u00each\u00e9 par ces derni\u00e8res, malgr\u00e9 tous les efforts raisonnablement possibles.&nbsp;&nbsp;La partie touch\u00e9e par de telles circonstances en avisera l\u2019autre dans les dix jours ouvrables suivant la date \u00e0 laquelle elle aura eu connaissance. Les deux parties se rapprocheront alors, dans un d\u00e9lai de trois mois, sauf impossibilit\u00e9 due au cas de force majeure, pour examiner l\u2019incidence de l\u2019\u00e9v\u00e9nement et convenir des conditions dans lesquelles l\u2019ex\u00e9cution du contrat sera poursuivie.&nbsp;<\/p>\n\n\n\n<p>Si le cas de force majeur a une dur\u00e9e sup\u00e9rieure \u00e0 une dur\u00e9e de un mois, les pr\u00e9sentes conditions g\u00e9n\u00e9rales pourront \u00eatre r\u00e9sili\u00e9es par la partie l\u00e9s\u00e9e. De fa\u00e7on expresse, sont consid\u00e9r\u00e9s comme cas de force majeure ou cas fortuits, outre ceux qui sont habituellement retenus par la jurisprudence des cours et des tribunaux fran\u00e7ais : le blocage des moyens de transports, tremblement de terre, incendies, temp\u00eates, inondation, foudre, l\u2019arr\u00eat des r\u00e9seaux de t\u00e9l\u00e9communication ou difficult\u00e9s propres aux r\u00e9seaux de t\u00e9l\u00e9communication externes aux clients.&nbsp;<\/p>\n\n\n\n<p><strong>13) <u>Divisibilit\u00e9 des Conditions G\u00e9n\u00e9rales de Vente<\/u><\/strong><\/p>\n\n\n\n<p>Si l\u2019une quelconque des stipulations des pr\u00e9sentes Conditions G\u00e9n\u00e9rales de Vente devait \u00eatre d\u00e9clar\u00e9e nulle o\u00f9 de nul effet, les autres conditions demeureraient en vigueur.<\/p>\n\n\n\n<p><strong>14)&nbsp;<u>Droit applicable \u2013 Juridiction comp\u00e9tente<\/u><\/strong><\/p>\n\n\n\n<p>Les Conditions G\u00e9n\u00e9rales de Vente et toute commande pass\u00e9e sur le site internet www.mademoisellelicorne.fr sont soumises exclusivement \u00e0 la loi fran\u00e7aise \u00e0 l\u2019exclusion de la Convention des Nations Unies sur les contrats de vente internationale de marchandises.<\/p>\n\n\n\n<p>En cas de litige, seuls les tribunaux fran\u00e7ais seront comp\u00e9tents<\/p>\n\n\n\n<p>Vous trouverez <a href=\"http:\/\/ec.europa.eu\/consumers\/odr\" data-type=\"URL\" data-id=\"ec.europa.eu\/consumers\/odr\">ici <\/a>un lien vers la m\u00e9diation de la consommation pour les ventes en ligne dans l&rsquo;UE.<\/p>\n\n\n\n<p><\/p>\n","protected":false},"excerpt":{"rendered":"<p>Emilie Bouquet EI &#8211; Mademoiselle Licorne Si\u00e8ge social : 24 rue Nungesser 59790 RONCHIN Adresse \u00e9lectronique :&nbsp;contact@mademoisellelicorne.fr Emilie Bouquet EI &#8211; Mademoiselle Licorne est inscrite \u00e0 la chambre de M\u00e9tiers et de l\u2019Artisanat des Hauts de France depuis le 01\/09\/2018 Num\u00e9ro de Siret : 843480351 Pr\u00e9ambule&nbsp;: Acceptation des pr\u00e9sentes Conditions G\u00e9n\u00e9rales de Vente Toute commande [&hellip;]<\/p>\n","protected":false},"author":1,"featured_media":0,"parent":0,"menu_order":0,"comment_status":"closed","ping_status":"closed","template":"","meta":{"_et_pb_use_builder":"off","_et_pb_old_content":"","_et_gb_content_width":"","footnotes":""},"class_list":["post-387","page","type-page","status-publish","hentry"],"jetpack_sharing_enabled":true,"_links":{"self":[{"href":"https:\/\/mademoisellelicorne.fr\/index.php\/wp-json\/wp\/v2\/pages\/387","targetHints":{"allow":["GET"]}}],"collection":[{"href":"https:\/\/mademoisellelicorne.fr\/index.php\/wp-json\/wp\/v2\/pages"}],"about":[{"href":"https:\/\/mademoisellelicorne.fr\/index.php\/wp-json\/wp\/v2\/types\/page"}],"author":[{"embeddable":true,"href":"https:\/\/mademoisellelicorne.fr\/index.php\/wp-json\/wp\/v2\/users\/1"}],"replies":[{"embeddable":true,"href":"https:\/\/mademoisellelicorne.fr\/index.php\/wp-json\/wp\/v2\/comments?post=387"}],"version-history":[{"count":5,"href":"https:\/\/mademoisellelicorne.fr\/index.php\/wp-json\/wp\/v2\/pages\/387\/revisions"}],"predecessor-version":[{"id":1221,"href":"https:\/\/mademoisellelicorne.fr\/index.php\/wp-json\/wp\/v2\/pages\/387\/revisions\/1221"}],"wp:attachment":[{"href":"https:\/\/mademoisellelicorne.fr\/index.php\/wp-json\/wp\/v2\/media?parent=387"}],"curies":[{"name":"wp","href":"https:\/\/api.w.org\/{rel}","templated":true}]}}