{"id":1374,"date":"2024-08-05T20:36:23","date_gmt":"2024-08-05T18:36:23","guid":{"rendered":"https:\/\/mademoisellelicorne.fr\/?post_type=product&#038;p=1374"},"modified":"2026-04-26T13:23:51","modified_gmt":"2026-04-26T11:23:51","slug":"trousse-toilette","status":"publish","type":"product","link":"https:\/\/mademoisellelicorne.fr\/index.php\/produit\/trousse-toilette\/","title":{"rendered":"Trousse de toilette"},"content":{"rendered":"<p>[et_pb_section fb_built=\u00a0\u00bb1&Prime; _builder_version=\u00a0\u00bb3.22&Prime; custom_padding=\u00a0\u00bb0px||||false|false\u00a0\u00bb][et_pb_row _builder_version=\u00a0\u00bb3.25&Prime; background_size=\u00a0\u00bbinitial\u00a0\u00bb background_position=\u00a0\u00bbtop_left\u00a0\u00bb background_repeat=\u00a0\u00bbrepeat\u00a0\u00bb width=\u00a0\u00bb100%\u00a0\u00bb custom_padding=\u00a0\u00bb0px||0px||false|false\u00a0\u00bb][et_pb_column type=\u00a0\u00bb4_4&Prime; _builder_version=\u00a0\u00bb3.25&Prime; custom_padding=\u00a0\u00bb|||\u00a0\u00bb custom_padding__hover=\u00a0\u00bb|||\u00a0\u00bb][et_pb_wc_breadcrumb _builder_version=\u00a0\u00bb3.0.47&Prime;][\/et_pb_wc_breadcrumb][et_pb_wc_cart_notice _builder_version=\u00a0\u00bb3.0.47&Prime;][\/et_pb_wc_cart_notice][\/et_pb_column][\/et_pb_row][et_pb_row column_structure=\u00a0\u00bb1_2,1_2&Prime; _builder_version=\u00a0\u00bb3.25&Prime; background_size=\u00a0\u00bbinitial\u00a0\u00bb background_position=\u00a0\u00bbtop_left\u00a0\u00bb background_repeat=\u00a0\u00bbrepeat\u00a0\u00bb width=\u00a0\u00bb100%\u00a0\u00bb custom_padding=\u00a0\u00bb0px||||false|false\u00a0\u00bb][et_pb_column type=\u00a0\u00bb1_2&Prime; _builder_version=\u00a0\u00bb3.25&Prime; custom_padding=\u00a0\u00bb|||\u00a0\u00bb custom_padding__hover=\u00a0\u00bb|||\u00a0\u00bb][et_pb_wc_images _builder_version=\u00a0\u00bb3.0.47&Prime;][\/et_pb_wc_images][\/et_pb_column][et_pb_column type=\u00a0\u00bb1_2&Prime; _builder_version=\u00a0\u00bb3.25&Prime; custom_padding=\u00a0\u00bb|||\u00a0\u00bb custom_padding__hover=\u00a0\u00bb|||\u00a0\u00bb][et_pb_wc_title _builder_version=\u00a0\u00bb3.0.47&Prime;][\/et_pb_wc_title][et_pb_wc_rating _builder_version=\u00a0\u00bb3.0.47&Prime;][\/et_pb_wc_rating][et_pb_wc_price _builder_version=\u00a0\u00bb3.0.47&Prime;][\/et_pb_wc_price][et_pb_wc_description _builder_version=\u00a0\u00bb3.0.47&Prime;][\/et_pb_wc_description][et_pb_wc_add_to_cart _builder_version=\u00a0\u00bb3.0.47&Prime;][\/et_pb_wc_add_to_cart][et_pb_wc_meta _builder_version=\u00a0\u00bb3.0.47&Prime;][\/et_pb_wc_meta][\/et_pb_column][\/et_pb_row][et_pb_row _builder_version=\u00a0\u00bb4.7.4&Prime; _module_preset=\u00a0\u00bbdefault\u00a0\u00bb][et_pb_column type=\u00a0\u00bb4_4&Prime; _builder_version=\u00a0\u00bb4.7.4&Prime; _module_preset=\u00a0\u00bbdefault\u00a0\u00bb][et_pb_text _builder_version=\u00a0\u00bb4.7.4&Prime; _module_preset=\u00a0\u00bbdefault\u00a0\u00bb]<\/p>\n<h1>Les Tissus<\/h1>\n<p>[\/et_pb_text][et_pb_gallery gallery_ids=\u00a0\u00bb1597,1598,1599,1600,1601,1602,1604,1605,1606,1607,1613,1614,1615,1616,1622,1623,1620&Prime; _builder_version=\u00a0\u00bb4.7.4&Prime; _module_preset=\u00a0\u00bbdefault\u00a0\u00bb][\/et_pb_gallery][\/et_pb_column][\/et_pb_row][et_pb_row _builder_version=\u00a0\u00bb3.25&Prime; background_size=\u00a0\u00bbinitial\u00a0\u00bb background_position=\u00a0\u00bbtop_left\u00a0\u00bb background_repeat=\u00a0\u00bbrepeat\u00a0\u00bb width=\u00a0\u00bb100%\u00a0\u00bb][et_pb_column type=\u00a0\u00bb4_4&Prime; _builder_version=\u00a0\u00bb3.25&Prime; custom_padding=\u00a0\u00bb|||\u00a0\u00bb custom_padding__hover=\u00a0\u00bb|||\u00a0\u00bb][et_pb_wc_tabs _builder_version=\u00a0\u00bb3.0.47&Prime;]\t\t\t\t\t[\/et_pb_wc_tabs][et_pb_wc_upsells _builder_version=\u00a0\u00bb3.0.47&Prime;][\/et_pb_wc_upsells][et_pb_wc_related_products _builder_version=\u00a0\u00bb3.0.47&Prime;][\/et_pb_wc_related_products][\/et_pb_column][\/et_pb_row][\/et_pb_section]<\/p>\n","protected":false},"excerpt":{"rendered":"<p>Indispensable pour tous voyages, la trousse de toilette.<\/p>\n<p>Disponible en 3 tailles<\/p>\n","protected":false},"featured_media":1377,"comment_status":"open","ping_status":"closed","template":"","meta":{"_et_pb_use_builder":"on","_et_pb_old_content":"Cette magnifique trousse de toilette se glissera dans votre sac de voyage, votre valise ou votre sac \u00e0 dos.\r\n\r\nDisponible en 3 tailles, vous pourrez y glisser vos produits de maquillage dans la plus petite et dans la plus grande, vous pourrez y mettre vos appareils de toilette.\r\n\r\nDimension: ( fabrication artisanal, les dimensions peuvent varier de quelques millim\u00e8tres)\r\nPetite: <strong>18x10x8cm<\/strong>\r\nMoyenne: <strong>23x13x12cm<\/strong>\r\nGrande: <strong>35x16x15cm<\/strong>\r\n\r\nLavage :\r\nSi vous optez pour une su\u00e9dine ou un similicuir, la trousse ne passera pas \u00e0 la machine \u00e0 laver. Je vous conseille de choisir une doublure en nid d'abeille, en cas d'accident, le nid d'abeille absorbera le produit et vous pourrez passer votre trousse sous l'eau du robinet rapidement et faire s\u00e9cher \u00e0 l'envers.\r\n\r\nSi vous souhaitez une autre taille, n'h\u00e9sitez pas \u00e0 me contacter.\r\n\r\nSi vous avez choisit l'option avec une broderie, envoyez le mot ou le texte par mail avec le n\u00b0 de votre commande.\r\nUne banque d'image \u00e0 broder sera disponible prochainement. Si vous souhaitez un dessin particulier, envoyez le par mail.\r\nAttention, toute image sous licences est interdite.","_et_gb_content_width":""},"product_brand":[],"product_cat":[154,158,157],"product_tag":[],"class_list":{"0":"post-1374","1":"product","2":"type-product","3":"status-publish","4":"has-post-thumbnail","6":"product_cat-accessoires","7":"product_cat-adulte","8":"product_cat-soin","9":"wcpa_has_options","11":"first","12":"instock","13":"shipping-taxable","14":"purchasable","15":"product-type-variable","16":"has-default-attributes"},"jetpack_sharing_enabled":true,"_links":{"self":[{"href":"https:\/\/mademoisellelicorne.fr\/index.php\/wp-json\/wp\/v2\/product\/1374","targetHints":{"allow":["GET"]}}],"collection":[{"href":"https:\/\/mademoisellelicorne.fr\/index.php\/wp-json\/wp\/v2\/product"}],"about":[{"href":"https:\/\/mademoisellelicorne.fr\/index.php\/wp-json\/wp\/v2\/types\/product"}],"replies":[{"embeddable":true,"href":"https:\/\/mademoisellelicorne.fr\/index.php\/wp-json\/wp\/v2\/comments?post=1374"}],"wp:featuredmedia":[{"embeddable":true,"href":"https:\/\/mademoisellelicorne.fr\/index.php\/wp-json\/wp\/v2\/media\/1377"}],"wp:attachment":[{"href":"https:\/\/mademoisellelicorne.fr\/index.php\/wp-json\/wp\/v2\/media?parent=1374"}],"wp:term":[{"taxonomy":"product_brand","embeddable":true,"href":"https:\/\/mademoisellelicorne.fr\/index.php\/wp-json\/wp\/v2\/product_brand?post=1374"},{"taxonomy":"product_cat","embeddable":true,"href":"https:\/\/mademoisellelicorne.fr\/index.php\/wp-json\/wp\/v2\/product_cat?post=1374"},{"taxonomy":"product_tag","embeddable":true,"href":"https:\/\/mademoisellelicorne.fr\/index.php\/wp-json\/wp\/v2\/product_tag?post=1374"}],"curies":[{"name":"wp","href":"https:\/\/api.w.org\/{rel}","templated":true}]}}