{"id":1673,"date":"2026-04-24T11:28:19","date_gmt":"2026-04-24T09:28:19","guid":{"rendered":"https:\/\/mademoisellelicorne.fr\/?post_type=product&#038;p=1673"},"modified":"2026-04-24T11:43:00","modified_gmt":"2026-04-24T09:43:00","slug":"sacoche-ordinateur","status":"publish","type":"product","link":"https:\/\/mademoisellelicorne.fr\/index.php\/produit\/sacoche-ordinateur\/","title":{"rendered":"Sacoche pour ordinateur"},"content":{"rendered":"<p>[et_pb_section fb_built=\u00a0\u00bb1&Prime; _builder_version=\u00a0\u00bb3.22&Prime; custom_padding=\u00a0\u00bb0px||||false|false\u00a0\u00bb][et_pb_row _builder_version=\u00a0\u00bb3.25&Prime; background_size=\u00a0\u00bbinitial\u00a0\u00bb background_position=\u00a0\u00bbtop_left\u00a0\u00bb background_repeat=\u00a0\u00bbrepeat\u00a0\u00bb width=\u00a0\u00bb100%\u00a0\u00bb custom_padding=\u00a0\u00bb0px||0px||false|false\u00a0\u00bb][et_pb_column type=\u00a0\u00bb4_4&Prime; _builder_version=\u00a0\u00bb3.25&Prime; custom_padding=\u00a0\u00bb|||\u00a0\u00bb custom_padding__hover=\u00a0\u00bb|||\u00a0\u00bb][et_pb_wc_breadcrumb _builder_version=\u00a0\u00bb3.0.47&Prime;][\/et_pb_wc_breadcrumb][et_pb_wc_cart_notice _builder_version=\u00a0\u00bb3.0.47&Prime;][\/et_pb_wc_cart_notice][\/et_pb_column][\/et_pb_row][et_pb_row column_structure=\u00a0\u00bb1_2,1_2&Prime; _builder_version=\u00a0\u00bb3.25&Prime; background_size=\u00a0\u00bbinitial\u00a0\u00bb background_position=\u00a0\u00bbtop_left\u00a0\u00bb background_repeat=\u00a0\u00bbrepeat\u00a0\u00bb width=\u00a0\u00bb100%\u00a0\u00bb custom_padding=\u00a0\u00bb0px||||false|false\u00a0\u00bb][et_pb_column type=\u00a0\u00bb1_2&Prime; _builder_version=\u00a0\u00bb3.25&Prime; custom_padding=\u00a0\u00bb|||\u00a0\u00bb custom_padding__hover=\u00a0\u00bb|||\u00a0\u00bb][et_pb_wc_images _builder_version=\u00a0\u00bb3.0.47&Prime;][\/et_pb_wc_images][\/et_pb_column][et_pb_column type=\u00a0\u00bb1_2&Prime; _builder_version=\u00a0\u00bb3.25&Prime; custom_padding=\u00a0\u00bb|||\u00a0\u00bb custom_padding__hover=\u00a0\u00bb|||\u00a0\u00bb][et_pb_wc_title _builder_version=\u00a0\u00bb3.0.47&Prime;][\/et_pb_wc_title][et_pb_wc_rating _builder_version=\u00a0\u00bb3.0.47&Prime;][\/et_pb_wc_rating][et_pb_wc_price _builder_version=\u00a0\u00bb3.0.47&Prime;][\/et_pb_wc_price][et_pb_wc_description _builder_version=\u00a0\u00bb3.0.47&Prime;][\/et_pb_wc_description][et_pb_wc_add_to_cart _builder_version=\u00a0\u00bb3.0.47&Prime;][\/et_pb_wc_add_to_cart][et_pb_wc_meta _builder_version=\u00a0\u00bb3.0.47&Prime;][\/et_pb_wc_meta][\/et_pb_column][\/et_pb_row][et_pb_row _builder_version=\u00a0\u00bb4.7.4&Prime; _module_preset=\u00a0\u00bbdefault\u00a0\u00bb][et_pb_column type=\u00a0\u00bb4_4&Prime; _builder_version=\u00a0\u00bb4.7.4&Prime; _module_preset=\u00a0\u00bbdefault\u00a0\u00bb][et_pb_text _builder_version=\u00a0\u00bb4.7.4&Prime; _module_preset=\u00a0\u00bbdefault\u00a0\u00bb]<\/p>\n<h1>Les Tissus<\/h1>\n<p>[\/et_pb_text][et_pb_gallery gallery_ids=\u00a0\u00bb1597,1598,1599,1600,1601,1602,1605,1606,1607,1616,1622,1623&Prime; _builder_version=\u00a0\u00bb4.7.4&Prime; _module_preset=\u00a0\u00bbdefault\u00a0\u00bb][\/et_pb_gallery][\/et_pb_column][\/et_pb_row][et_pb_row _builder_version=\u00a0\u00bb3.25&Prime; background_size=\u00a0\u00bbinitial\u00a0\u00bb background_position=\u00a0\u00bbtop_left\u00a0\u00bb background_repeat=\u00a0\u00bbrepeat\u00a0\u00bb width=\u00a0\u00bb100%\u00a0\u00bb][et_pb_column type=\u00a0\u00bb4_4&Prime; _builder_version=\u00a0\u00bb3.25&Prime; custom_padding=\u00a0\u00bb|||\u00a0\u00bb custom_padding__hover=\u00a0\u00bb|||\u00a0\u00bb][et_pb_wc_tabs _builder_version=\u00a0\u00bb3.0.47&Prime;] [\/et_pb_wc_tabs][et_pb_wc_upsells _builder_version=\u00a0\u00bb3.0.47&Prime;][\/et_pb_wc_upsells][et_pb_wc_related_products _builder_version=\u00a0\u00bb3.0.47&Prime;][\/et_pb_wc_related_products][\/et_pb_column][\/et_pb_row][\/et_pb_section]<\/p>\n","protected":false},"excerpt":{"rendered":"<p><span data-offset-key=\"vj8s-0-0\">Aller au bureau avec une superbe sacoche o\u00f9 sera prot\u00e9g\u00e9 votre ordinateur.<\/span><\/p>\n","protected":false},"featured_media":1680,"comment_status":"open","ping_status":"closed","template":"","meta":{"_et_pb_use_builder":"on","_et_pb_old_content":"<div class=\"\" data-block=\"true\" data-editor=\"6hnug\" data-offset-key=\"vj8s-0-0\">\r\n<div class=\"_1mf _1mj\" data-offset-key=\"vj8s-0-0\">Cette sacoche en velours c\u00f4tel\u00e9s doubl\u00e9e d'un coton et d'une couche de ouatine rendra jaloux vos coll\u00e8gues.<\/div>\r\n<\/div>\r\n<div class=\"\" data-block=\"true\" data-editor=\"6hnug\" data-offset-key=\"7ugr3-0-0\">\r\n<div class=\"_1mf _1mj\" data-offset-key=\"7ugr3-0-0\"><span data-offset-key=\"7ugr3-0-0\">Sa fermeture qui se prolonge sur le cot\u00e9 vous permettra de ranger facilement votre PC.<\/span><\/div>\r\n<\/div>\r\n<div class=\"\" data-block=\"true\" data-editor=\"6hnug\" data-offset-key=\"8187u-0-0\">\r\n<div class=\"_1mf _1mj\" data-offset-key=\"8187u-0-0\"><span data-offset-key=\"8187u-0-0\">\u00a0<\/span><\/div>\r\n<\/div>\r\n<div class=\"\" data-block=\"true\" data-editor=\"6hnug\" data-offset-key=\"m2d6-0-0\">\r\n<div class=\"_1mf _1mj\" data-offset-key=\"m2d6-0-0\"><span data-offset-key=\"m2d6-0-0\">Disponible en 2 tailles pour permettre d'accueillir un ordinateur de 13\"-14\" et 15\"-16\" ( sur les photos mod\u00e8les pour ranger un MacBook de 13,6\").<\/span><\/div>\r\n<\/div>\r\n<div class=\"\" data-block=\"true\" data-editor=\"6hnug\" data-offset-key=\"cbmos-0-0\">\r\n<div class=\"_1mf _1mj\" data-offset-key=\"cbmos-0-0\"><span data-offset-key=\"cbmos-0-0\">\u00a0<\/span><\/div>\r\n<\/div>\r\n<div class=\"\" data-block=\"true\" data-editor=\"6hnug\" data-offset-key=\"728dv-0-0\">\r\n<div class=\"_1mf _1mj\" data-offset-key=\"728dv-0-0\"><span data-offset-key=\"728dv-0-0\">Personnaliser votre sacoche en choisissant le tissu ext\u00e9rieur, le tissu int\u00e9rieur et en ajoutant une broderie.<\/span><\/div>\r\n<\/div>\r\n<div class=\"\" data-block=\"true\" data-editor=\"6hnug\" data-offset-key=\"3vbal-0-0\">\r\n<div class=\"_1mf _1mj\" data-offset-key=\"3vbal-0-0\"><span data-offset-key=\"3vbal-0-0\">\u00a0<\/span><\/div>\r\n<\/div>\r\n<div class=\"\" data-block=\"true\" data-editor=\"6hnug\" data-offset-key=\"65s9q-0-0\">\r\n<div class=\"_1mf _1mj\" data-offset-key=\"65s9q-0-0\"><span data-offset-key=\"65s9q-0-0\">Sur devis si vous souhaitez un mod\u00e8le sur mesure.<\/span><\/div>\r\n<\/div>","_et_gb_content_width":""},"product_brand":[],"product_cat":[158,160],"product_tag":[],"class_list":{"0":"post-1673","1":"product","2":"type-product","3":"status-publish","4":"has-post-thumbnail","6":"product_cat-adulte","7":"product_cat-maroquinerie-et-sac","8":"wcpa_has_options","10":"first","11":"instock","12":"shipping-taxable","13":"purchasable","14":"product-type-variable"},"jetpack_sharing_enabled":true,"_links":{"self":[{"href":"https:\/\/mademoisellelicorne.fr\/index.php\/wp-json\/wp\/v2\/product\/1673","targetHints":{"allow":["GET"]}}],"collection":[{"href":"https:\/\/mademoisellelicorne.fr\/index.php\/wp-json\/wp\/v2\/product"}],"about":[{"href":"https:\/\/mademoisellelicorne.fr\/index.php\/wp-json\/wp\/v2\/types\/product"}],"replies":[{"embeddable":true,"href":"https:\/\/mademoisellelicorne.fr\/index.php\/wp-json\/wp\/v2\/comments?post=1673"}],"wp:featuredmedia":[{"embeddable":true,"href":"https:\/\/mademoisellelicorne.fr\/index.php\/wp-json\/wp\/v2\/media\/1680"}],"wp:attachment":[{"href":"https:\/\/mademoisellelicorne.fr\/index.php\/wp-json\/wp\/v2\/media?parent=1673"}],"wp:term":[{"taxonomy":"product_brand","embeddable":true,"href":"https:\/\/mademoisellelicorne.fr\/index.php\/wp-json\/wp\/v2\/product_brand?post=1673"},{"taxonomy":"product_cat","embeddable":true,"href":"https:\/\/mademoisellelicorne.fr\/index.php\/wp-json\/wp\/v2\/product_cat?post=1673"},{"taxonomy":"product_tag","embeddable":true,"href":"https:\/\/mademoisellelicorne.fr\/index.php\/wp-json\/wp\/v2\/product_tag?post=1673"}],"curies":[{"name":"wp","href":"https:\/\/api.w.org\/{rel}","templated":true}]}}