{"id":96,"date":"2021-07-06T08:52:17","date_gmt":"2021-07-06T06:52:17","guid":{"rendered":"http:\/\/mademoisellelicorne.fr\/?post_type=product&#038;p=96"},"modified":"2025-01-26T21:40:42","modified_gmt":"2025-01-26T20:40:42","slug":"lingette-lavable","status":"publish","type":"product","link":"https:\/\/mademoisellelicorne.fr\/index.php\/produit\/lingette-lavable\/","title":{"rendered":"Lingette lavable"},"content":{"rendered":"<p>[et_pb_section fb_built=\u00a0\u00bb1&Prime; _builder_version=\u00a0\u00bb3.22&Prime; custom_padding=\u00a0\u00bb0px||||false|false\u00a0\u00bb][et_pb_row _builder_version=\u00a0\u00bb3.25&Prime; background_size=\u00a0\u00bbinitial\u00a0\u00bb background_position=\u00a0\u00bbtop_left\u00a0\u00bb background_repeat=\u00a0\u00bbrepeat\u00a0\u00bb width=\u00a0\u00bb100%\u00a0\u00bb custom_padding=\u00a0\u00bb0px||0px||false|false\u00a0\u00bb][et_pb_column type=\u00a0\u00bb4_4&Prime; _builder_version=\u00a0\u00bb3.25&Prime; custom_padding=\u00a0\u00bb|||\u00a0\u00bb custom_padding__hover=\u00a0\u00bb|||\u00a0\u00bb][et_pb_wc_breadcrumb _builder_version=\u00a0\u00bb3.0.47&Prime;][\/et_pb_wc_breadcrumb][et_pb_wc_cart_notice _builder_version=\u00a0\u00bb3.0.47&Prime;][\/et_pb_wc_cart_notice][\/et_pb_column][\/et_pb_row][et_pb_row column_structure=\u00a0\u00bb1_2,1_2&Prime; _builder_version=\u00a0\u00bb3.25&Prime; background_size=\u00a0\u00bbinitial\u00a0\u00bb background_position=\u00a0\u00bbtop_left\u00a0\u00bb background_repeat=\u00a0\u00bbrepeat\u00a0\u00bb width=\u00a0\u00bb100%\u00a0\u00bb custom_padding=\u00a0\u00bb0px||||false|false\u00a0\u00bb][et_pb_column type=\u00a0\u00bb1_2&Prime; _builder_version=\u00a0\u00bb3.25&Prime; custom_padding=\u00a0\u00bb|||\u00a0\u00bb custom_padding__hover=\u00a0\u00bb|||\u00a0\u00bb][et_pb_wc_images _builder_version=\u00a0\u00bb3.0.47&Prime;][\/et_pb_wc_images][\/et_pb_column][et_pb_column type=\u00a0\u00bb1_2&Prime; _builder_version=\u00a0\u00bb3.25&Prime; custom_padding=\u00a0\u00bb|||\u00a0\u00bb custom_padding__hover=\u00a0\u00bb|||\u00a0\u00bb][et_pb_wc_title _builder_version=\u00a0\u00bb3.0.47&Prime;][\/et_pb_wc_title][et_pb_wc_rating _builder_version=\u00a0\u00bb3.0.47&Prime;][\/et_pb_wc_rating][et_pb_wc_price _builder_version=\u00a0\u00bb3.0.47&Prime;][\/et_pb_wc_price][et_pb_wc_description _builder_version=\u00a0\u00bb3.0.47&Prime;][\/et_pb_wc_description][et_pb_wc_add_to_cart _builder_version=\u00a0\u00bb3.0.47&Prime;][\/et_pb_wc_add_to_cart][et_pb_wc_meta _builder_version=\u00a0\u00bb3.0.47&Prime;][\/et_pb_wc_meta][\/et_pb_column][\/et_pb_row][et_pb_row _builder_version=\u00a0\u00bb4.7.4&Prime; _module_preset=\u00a0\u00bbdefault\u00a0\u00bb][et_pb_column type=\u00a0\u00bb4_4&Prime; _builder_version=\u00a0\u00bb4.7.4&Prime; _module_preset=\u00a0\u00bbdefault\u00a0\u00bb][et_pb_text _builder_version=\u00a0\u00bb4.7.4&Prime; _module_preset=\u00a0\u00bbdefault\u00a0\u00bb]<\/p>\n<h1>Les Tissus<\/h1>\n<p>[\/et_pb_text][et_pb_gallery gallery_ids=\u00a0\u00bb684,685,686,687,683,682,681,680,679,688,689,690,691,1343,693,694&Prime; _builder_version=\u00a0\u00bb4.7.4&Prime; _module_preset=\u00a0\u00bbdefault\u00a0\u00bb][\/et_pb_gallery][\/et_pb_column][\/et_pb_row][et_pb_row _builder_version=\u00a0\u00bb3.25&Prime; background_size=\u00a0\u00bbinitial\u00a0\u00bb background_position=\u00a0\u00bbtop_left\u00a0\u00bb background_repeat=\u00a0\u00bbrepeat\u00a0\u00bb width=\u00a0\u00bb100%\u00a0\u00bb][et_pb_column type=\u00a0\u00bb4_4&Prime; _builder_version=\u00a0\u00bb3.25&Prime; custom_padding=\u00a0\u00bb|||\u00a0\u00bb custom_padding__hover=\u00a0\u00bb|||\u00a0\u00bb][et_pb_wc_tabs include_tabs=\u00a0\u00bbdescription||reviews\u00a0\u00bb _builder_version=\u00a0\u00bb4.7.4&Prime;] [\/et_pb_wc_tabs][et_pb_wc_upsells _builder_version=\u00a0\u00bb3.0.47&Prime;][\/et_pb_wc_upsells][et_pb_wc_related_products _builder_version=\u00a0\u00bb3.0.47&Prime;][\/et_pb_wc_related_products][\/et_pb_column][\/et_pb_row][\/et_pb_section]<\/p>\n","protected":false},"excerpt":{"rendered":"<p>L&rsquo;indispensable de la salle de bain, les lingettes vous serviront pour le d\u00e9maquillage, le nettoyage du visage des mamans et des b\u00e9b\u00e9s et le nettoyage lors des changes de b\u00e9b\u00e9.<\/p>\n<p>Vendu en lot avec ou sans leur pani\u00e8re.<\/p>\n","protected":false},"featured_media":176,"comment_status":"open","ping_status":"closed","template":"","meta":{"_et_pb_use_builder":"on","_et_pb_old_content":"Votre lingette est con\u00e7u avec un tissu coton au recto et d'un tissu \u00e9ponge coton ou bambou au verso.\r\n\r\nVotre petit panier de rangement sera de bonne dimension pour ranger vos lingettes. Il se compose d'un tissu exterieur en coton et d'un tissu int\u00e9rieur identique au tissu recto de la lingette.\r\n\r\nTaille des lingettes: 10cm x 10cm\r\n\r\nTaille de la pani\u00e8re: 15 cm de longueur, 16 cm de hauteur et 10 cm de largeur.\r\n\r\nSi vous souhaitez un panachage de tissu principal (tissu coton) au niveau de vos lingettes, vous pouvez indiquer les N\u00b0 des tissus dans le champs pr\u00e9vu \u00e0 cet effet. Le tissu secondaire (tissu \u00e9ponge) restera identique.\r\n\r\nDes tissus compl\u00e9mentaires sont disponibles dans les chutes sur cette <a href=\"https:\/\/mademoisellelicorne.fr\/index.php\/les-chutes-de-tissus\/\">page<\/a>. Indiquez le tissu choisi dans le champ pr\u00e9vu \u00e0 cet effet.\r\nAttention, il s'agit de chute de tissus, les quantit\u00e9s sont limit\u00e9es.","_et_gb_content_width":""},"product_brand":[],"product_cat":[158,153,157],"product_tag":[],"class_list":{"0":"post-96","1":"product","2":"type-product","3":"status-publish","4":"has-post-thumbnail","6":"product_cat-adulte","7":"product_cat-bebe-et-enfant","8":"product_cat-soin","9":"wcpa_has_options","11":"first","12":"instock","13":"shipping-taxable","14":"purchasable","15":"product-type-variable","16":"has-default-attributes"},"jetpack_sharing_enabled":true,"_links":{"self":[{"href":"https:\/\/mademoisellelicorne.fr\/index.php\/wp-json\/wp\/v2\/product\/96","targetHints":{"allow":["GET"]}}],"collection":[{"href":"https:\/\/mademoisellelicorne.fr\/index.php\/wp-json\/wp\/v2\/product"}],"about":[{"href":"https:\/\/mademoisellelicorne.fr\/index.php\/wp-json\/wp\/v2\/types\/product"}],"replies":[{"embeddable":true,"href":"https:\/\/mademoisellelicorne.fr\/index.php\/wp-json\/wp\/v2\/comments?post=96"}],"wp:featuredmedia":[{"embeddable":true,"href":"https:\/\/mademoisellelicorne.fr\/index.php\/wp-json\/wp\/v2\/media\/176"}],"wp:attachment":[{"href":"https:\/\/mademoisellelicorne.fr\/index.php\/wp-json\/wp\/v2\/media?parent=96"}],"wp:term":[{"taxonomy":"product_brand","embeddable":true,"href":"https:\/\/mademoisellelicorne.fr\/index.php\/wp-json\/wp\/v2\/product_brand?post=96"},{"taxonomy":"product_cat","embeddable":true,"href":"https:\/\/mademoisellelicorne.fr\/index.php\/wp-json\/wp\/v2\/product_cat?post=96"},{"taxonomy":"product_tag","embeddable":true,"href":"https:\/\/mademoisellelicorne.fr\/index.php\/wp-json\/wp\/v2\/product_tag?post=96"}],"curies":[{"name":"wp","href":"https:\/\/api.w.org\/{rel}","templated":true}]}}